{"id":5024,"date":"2020-07-02T13:49:12","date_gmt":"2020-07-02T13:49:12","guid":{"rendered":"https:\/\/www.koni.design\/razvoj-spletnih-aplikacij\/"},"modified":"2025-08-19T11:21:21","modified_gmt":"2025-08-19T11:21:21","slug":"razvoj-spletnih-aplikacij","status":"publish","type":"page","link":"https:\/\/www.koni.design\/sl\/storitve\/razvoj-spletnih-aplikacij\/","title":{"rendered":"Razvoj spletnih aplikacij"},"content":{"rendered":"<p><div class=\"fusion-fullwidth fullwidth-box fusion-builder-row-1 fusion-flex-container fusion-parallax-none nonhundred-percent-fullwidth non-hundred-percent-height-scrolling\" style=\"--awb-border-radius-top-left:0px;--awb-border-radius-top-right:0px;--awb-border-radius-bottom-right:0px;--awb-border-radius-bottom-left:0px;--awb-margin-bottom:5%;--awb-background-image:url(&quot;https:\/\/www.koni.design\/wp-content\/uploads\/2020\/08\/black-background-mak-creates-web-design-services-1500-2500.jpg&quot;);--awb-background-size:cover;--awb-flex-wrap:wrap;\" ><div class=\"fusion-builder-row fusion-row fusion-flex-align-items-flex-start fusion-flex-content-wrap\" style=\"max-width:1216.8px;margin-left: calc(-4% \/ 2 );margin-right: calc(-4% \/ 2 );\"><div class=\"fusion-layout-column fusion_builder_column fusion-builder-column-0 fusion_builder_column_1_1 1_1 fusion-flex-column\" style=\"--awb-padding-top:5%;--awb-padding-bottom:5%;--awb-bg-size:cover;--awb-width-large:100%;--awb-margin-top-large:0px;--awb-spacing-right-large:1.92%;--awb-margin-bottom-large:20px;--awb-spacing-left-large:1.92%;--awb-width-medium:100%;--awb-order-medium:0;--awb-spacing-right-medium:1.92%;--awb-spacing-left-medium:1.92%;--awb-width-small:100%;--awb-order-small:0;--awb-spacing-right-small:1.92%;--awb-spacing-left-small:1.92%;\"><div class=\"fusion-column-wrapper fusion-column-has-shadow fusion-flex-justify-content-flex-start fusion-content-layout-column\"><div class=\"fusion-title title fusion-title-1 fusion-title-center fusion-title-text fusion-title-size-one\" style=\"--awb-text-color:#ffffff;--awb-font-size:34px;\"><div class=\"title-sep-container title-sep-container-left\"><div class=\"title-sep sep- sep-solid\" style=\"border-color:#e2e2e2;\"><\/div><\/div><span class=\"awb-title-spacer\"><\/span><h1 class=\"fusion-title-heading title-heading-center fusion-responsive-typography-calculated\" style=\"margin:0;font-size:1em;--fontSize:34;line-height:1.14;\">Razvoj spletnih aplikacij<\/h1><span class=\"awb-title-spacer\"><\/span><div class=\"title-sep-container title-sep-container-right\"><div class=\"title-sep sep- sep-solid\" style=\"border-color:#e2e2e2;\"><\/div><\/div><\/div><div class=\"fusion-text fusion-text-1\" style=\"--awb-text-color:#ffffff;\"><h4 style=\"text-align: center;\"><span style=\"color: #ffffff;\">Razvoj spletnih aplikacij ali sistemov za va\u0161e podjetje lahko izbolj\u0161a interaktivnost z va\u0161imi strankami ali zaposlenimi.<\/span><\/h4>\n<\/div><\/div><\/div><\/div><\/div><div class=\"fusion-fullwidth fullwidth-box fusion-builder-row-2 fusion-flex-container nonhundred-percent-fullwidth non-hundred-percent-height-scrolling\" style=\"--awb-border-radius-top-left:0px;--awb-border-radius-top-right:0px;--awb-border-radius-bottom-right:0px;--awb-border-radius-bottom-left:0px;--awb-flex-wrap:wrap;\" ><div class=\"fusion-builder-row fusion-row fusion-flex-align-items-flex-start fusion-flex-content-wrap\" style=\"max-width:1216.8px;margin-left: calc(-4% \/ 2 );margin-right: calc(-4% \/ 2 );\"><div class=\"fusion-layout-column fusion_builder_column fusion-builder-column-1 fusion_builder_column_1_2 1_2 fusion-flex-column\" style=\"--awb-bg-size:cover;--awb-width-large:50%;--awb-margin-top-large:0px;--awb-spacing-right-large:3.84%;--awb-margin-bottom-large:20px;--awb-spacing-left-large:3.84%;--awb-width-medium:100%;--awb-order-medium:0;--awb-spacing-right-medium:1.92%;--awb-spacing-left-medium:1.92%;--awb-width-small:100%;--awb-order-small:0;--awb-spacing-right-small:1.92%;--awb-spacing-left-small:1.92%;\"><div class=\"fusion-column-wrapper fusion-column-has-shadow fusion-flex-justify-content-flex-start fusion-content-layout-column\"><div class=\"fusion-content-boxes content-boxes columns row fusion-columns-1 fusion-columns-total-1 fusion-content-boxes-1 content-boxes-icon-boxed content-left\" style=\"--awb-hover-accent-color:#8006a9;--awb-circle-hover-accent-color:#8006a9;--awb-item-margin-bottom:40px;\" data-animationOffset=\"top-into-view\"><div style=\"--awb-backgroundcolor:rgba(255,255,255,0);\" class=\"fusion-column content-box-column content-box-column content-box-column-1 col-lg-12 col-md-12 col-sm-12 fusion-content-box-hover content-box-column-last content-box-column-last-in-row\"><div class=\"col content-box-wrapper content-wrapper content-wrapper-boxed link-area-link-icon icon-hover-animation-fade fusion-animated\" data-animationType=\"fadeInLeft\" data-animationDuration=\"0.3\" data-animationOffset=\"top-into-view\"><div class=\"heading heading-with-icon icon-left\"><div class=\"icon\"><i style=\"border-color:rgba(255,255,255,0);border-width:0px;background-color:#333333;box-sizing:content-box;height:50px;width:50px;line-height:50px;top:-75px;margin-left:-25px;border-radius:50%;font-size:25px;\" aria-hidden=\"true\" class=\"fontawesome-icon fa-gem fas circle-yes\"><\/i><\/div><h2 class=\"content-box-heading fusion-responsive-typography-calculated\" style=\"--h2_typography-font-size:18px;--fontSize:18;line-height:1.2;\">Kakovost na prvem mestu<\/h2><\/div><div class=\"fusion-clearfix\"><\/div><div class=\"content-container\">\n<p>Podjetje Koni.design ponuja storitve razvoja prilagojenih spletnih re\u0161itev za va\u0161e poslovanje, kar nam omogo\u010da odli\u010dno poznavanje PHP-ja in MySQL podatkovne baze.<\/p>\n<\/div><\/div><\/div><div class=\"fusion-clearfix\"><\/div><\/div><\/div><\/div><div class=\"fusion-layout-column fusion_builder_column fusion-builder-column-2 fusion_builder_column_1_2 1_2 fusion-flex-column\" style=\"--awb-bg-size:cover;--awb-width-large:50%;--awb-margin-top-large:0px;--awb-spacing-right-large:3.84%;--awb-margin-bottom-large:20px;--awb-spacing-left-large:3.84%;--awb-width-medium:100%;--awb-order-medium:0;--awb-spacing-right-medium:1.92%;--awb-spacing-left-medium:1.92%;--awb-width-small:100%;--awb-order-small:0;--awb-spacing-right-small:1.92%;--awb-spacing-left-small:1.92%;\"><div class=\"fusion-column-wrapper fusion-column-has-shadow fusion-flex-justify-content-flex-start fusion-content-layout-column\"><div class=\"fusion-content-boxes content-boxes columns row fusion-columns-1 fusion-columns-total-1 fusion-content-boxes-2 content-boxes-icon-boxed content-left\" style=\"--awb-hover-accent-color:#8006a9;--awb-circle-hover-accent-color:#8006a9;--awb-item-margin-bottom:40px;\" data-animationOffset=\"top-into-view\"><div style=\"--awb-backgroundcolor:rgba(255,255,255,0);\" class=\"fusion-column content-box-column content-box-column content-box-column-1 col-lg-12 col-md-12 col-sm-12 fusion-content-box-hover content-box-column-last content-box-column-last-in-row\"><div class=\"col content-box-wrapper content-wrapper content-wrapper-boxed link-area-link-icon icon-hover-animation-fade fusion-animated\" data-animationType=\"fadeInLeft\" data-animationDuration=\"0.3\" data-animationOffset=\"top-into-view\"><div class=\"heading heading-with-icon icon-left\"><div class=\"icon\"><i style=\"border-color:rgba(255,255,255,0);border-width:0px;background-color:#333333;box-sizing:content-box;height:50px;width:50px;line-height:50px;top:-75px;margin-left:-25px;border-radius:50%;font-size:25px;\" aria-hidden=\"true\" class=\"fontawesome-icon fa-hands-helping fas circle-yes\"><\/i><\/div><h2 class=\"content-box-heading fusion-responsive-typography-calculated\" style=\"--h2_typography-font-size:18px;--fontSize:18;line-height:1.2;\">Dodana vrednost<\/h2><\/div><div class=\"fusion-clearfix\"><\/div><div class=\"content-container\">\n<p>Spletne aplikacije in sistemi, ki jih je razvilo podjetje Koni.design, so prilagojeni vsem namiznim ra\u010dunalnikom z razli\u010dnimi operacijskimi sistemi, prenosnikom, mobilnim telefonom in tabli\u010dnim ra\u010dunalnikom.<\/p>\n<\/div><\/div><\/div><div class=\"fusion-clearfix\"><\/div><\/div><\/div><\/div><\/div><\/div><div class=\"fusion-fullwidth fullwidth-box fusion-builder-row-3 fusion-flex-container fusion-parallax-none nonhundred-percent-fullwidth non-hundred-percent-height-scrolling\" style=\"--awb-border-radius-top-left:0px;--awb-border-radius-top-right:0px;--awb-border-radius-bottom-right:0px;--awb-border-radius-bottom-left:0px;--awb-padding-top:5%;--awb-padding-bottom:5%;--awb-background-image:url(&quot;https:\/\/www.koni.design\/wp-content\/uploads\/2016\/02\/work_page_header_title_bar_bg.jpg&quot;);--awb-background-size:cover;--awb-flex-wrap:wrap;\" ><div class=\"fusion-builder-row fusion-row fusion-flex-align-items-flex-start fusion-flex-content-wrap\" style=\"max-width:1216.8px;margin-left: calc(-4% \/ 2 );margin-right: calc(-4% \/ 2 );\"><div class=\"fusion-layout-column fusion_builder_column fusion-builder-column-3 fusion_builder_column_1_2 1_2 fusion-flex-column\" style=\"--awb-bg-size:cover;--awb-width-large:50%;--awb-margin-top-large:0px;--awb-spacing-right-large:3.84%;--awb-margin-bottom-large:20px;--awb-spacing-left-large:3.84%;--awb-width-medium:100%;--awb-order-medium:0;--awb-spacing-right-medium:1.92%;--awb-spacing-left-medium:1.92%;--awb-width-small:100%;--awb-order-small:0;--awb-spacing-right-small:1.92%;--awb-spacing-left-small:1.92%;\"><div class=\"fusion-column-wrapper fusion-column-has-shadow fusion-flex-justify-content-flex-start fusion-content-layout-column\"><div class=\"fusion-title title fusion-title-2 fusion-sep-none fusion-title-highlight fusion-animate-loop fusion-highlight-underline_zigzag fusion-title-size-three fusion-animated\" style=\"--awb-text-color:#ffffff;--awb-highlight-color:#ffffff;--awb-highlight-width:6;\" data-highlight=\"underline_zigzag\" data-animationType=\"rubberBand\" data-animationDuration=\"0.3\" data-animationOffset=\"top-into-view\"><h3 class=\"fusion-title-heading title-heading-left fusion-responsive-typography-calculated\" style=\"margin:0;--fontSize:28;line-height:1.6;\"><span class=\"fusion-highlighted-text-prefix\"><\/span> <span class=\"fusion-highlighted-text-wrapper\"><span class=\"fusion-highlighted-text\" style=\"color:#ffffff;\">Kaj spada v razvoj prilagojenih spletnih re\u0161itev?<\/span><svg xmlns=\"http:\/\/www.w3.org\/2000\/svg\" viewBox=\"0 0 500 150\" preserveAspectRatio=\"none\"><path d=\"M6.1,133.6c0,0,173.4-20.6,328.3-14.5c154.8,6.1,162.2,8.7,162.2,8.7s-262.6-4.9-339.2,13.9 c0,0,113.8-6.1,162.9,6.9\"><\/path><\/svg><\/span> <span class=\"fusion-highlighted-text-postfix\"><\/span><\/h3><\/div><div class=\"fusion-text fusion-text-2\" style=\"--awb-text-color:#ffffff;\"><ul>\n<li>Sistemi za upravljanje prodaje in naro\u010dil<\/li>\n<li>Intranet in Extranet sistemi<\/li>\n<li>Upravljanje dokumentov in podatkov<\/li>\n<li>Sistemi za interaktivno u\u010denje ali usposabljanje<\/li>\n<li>Certifikacijski sistemi<\/li>\n<li>Druge prilagojene spletne re\u0161itve<\/li>\n<\/ul>\n<\/div><\/div><\/div><div class=\"fusion-layout-column fusion_builder_column fusion-builder-column-4 fusion_builder_column_1_2 1_2 fusion-flex-column\" style=\"--awb-bg-size:cover;--awb-width-large:50%;--awb-margin-top-large:0px;--awb-spacing-right-large:3.84%;--awb-margin-bottom-large:20px;--awb-spacing-left-large:3.84%;--awb-width-medium:100%;--awb-order-medium:0;--awb-spacing-right-medium:1.92%;--awb-spacing-left-medium:1.92%;--awb-width-small:100%;--awb-order-small:0;--awb-spacing-right-small:1.92%;--awb-spacing-left-small:1.92%;\"><div class=\"fusion-column-wrapper fusion-column-has-shadow fusion-flex-justify-content-flex-start fusion-content-layout-column\"><div class=\"fusion-title title fusion-title-3 fusion-sep-none fusion-title-highlight fusion-animate-loop fusion-highlight-underline fusion-title-size-three fusion-animated\" style=\"--awb-text-color:#ffffff;--awb-highlight-color:#ffffff;--awb-highlight-width:6;\" data-highlight=\"underline\" data-animationType=\"rubberBand\" data-animationDuration=\"0.3\" data-animationOffset=\"top-into-view\"><h3 class=\"fusion-title-heading title-heading-left fusion-responsive-typography-calculated\" style=\"margin:0;--fontSize:28;line-height:1.6;\"><span class=\"fusion-highlighted-text-prefix\"><\/span> <span class=\"fusion-highlighted-text-wrapper\"><span class=\"fusion-highlighted-text\" style=\"color:#ffffff;\">Kaj nas lo\u010di od drugih podjetij?<\/span><svg xmlns=\"http:\/\/www.w3.org\/2000\/svg\" viewBox=\"0 0 500 150\" preserveAspectRatio=\"none\"><path d=\"M8.1,146.2c0,0,240.6-55.6,479-13.8\"><\/path><\/svg><\/span> <span class=\"fusion-highlighted-text-postfix\"><\/span><\/h3><\/div><div class=\"fusion-text fusion-text-3\" style=\"--awb-text-color:#ffffff;\"><ul>\n<li>Na\u0161e re\u0161itve so zelo inovativne in u\u010dinkovite<\/li>\n<li>Uporaba na\u0161ih spletnih re\u0161itev je preprosta, u\u010dinkovita in intuitivna tudi za osebe, ki niso dobro ra\u010dunalni\u0161ko izobra\u017eene<\/li>\n<li>Na\u0161e re\u0161itve so zelo zanesljive in zahtevajo minimalno vzdr\u017eevanje<\/li>\n<li>Varnost na prvem mestu!<\/li>\n<li>Vsaka spletna aplikacija, ki jo je razvilo podjetje Koni.design, pred produkcijo opravi varnostno testiranje s strani visoko certificiranih strokovnjakov za varnost informacijskih sistemov<\/li>\n<\/ul>\n<\/div><\/div><\/div><\/div><\/div><\/p>\n","protected":false},"excerpt":{"rendered":"","protected":false},"author":1,"featured_media":0,"parent":5091,"menu_order":0,"comment_status":"closed","ping_status":"closed","template":"100-width.php","meta":{"footnotes":""},"class_list":["post-5024","page","type-page","status-publish","hentry"],"yoast_head":"<!-- This site is optimized with the Yoast SEO plugin v26.1.1 - https:\/\/yoast.com\/wordpress\/plugins\/seo\/ -->\n<title>Razvoj spletnih aplikacij - koni.design<\/title>\n<meta name=\"robots\" content=\"index, follow, max-snippet:-1, max-image-preview:large, max-video-preview:-1\" \/>\n<link rel=\"canonical\" href=\"https:\/\/www.koni.design\/sl\/storitve\/razvoj-spletnih-aplikacij\/\" \/>\n<meta property=\"og:locale\" content=\"sl_SI\" \/>\n<meta property=\"og:type\" content=\"article\" \/>\n<meta property=\"og:title\" content=\"Razvoj spletnih aplikacij - koni.design\" \/>\n<meta property=\"og:url\" content=\"https:\/\/www.koni.design\/sl\/storitve\/razvoj-spletnih-aplikacij\/\" \/>\n<meta property=\"og:site_name\" content=\"koni.design\" \/>\n<meta property=\"article:publisher\" content=\"https:\/\/www.facebook.com\/DesignByKoni\/\" \/>\n<meta property=\"article:modified_time\" content=\"2025-08-19T11:21:21+00:00\" \/>\n<meta name=\"twitter:card\" content=\"summary_large_image\" \/>\n<meta name=\"twitter:label1\" content=\"Est. reading time\" \/>\n\t<meta name=\"twitter:data1\" content=\"16 minut\" \/>\n<script type=\"application\/ld+json\" class=\"yoast-schema-graph\">{\"@context\":\"https:\/\/schema.org\",\"@graph\":[{\"@type\":\"WebPage\",\"@id\":\"https:\/\/www.koni.design\/sl\/storitve\/razvoj-spletnih-aplikacij\/\",\"url\":\"https:\/\/www.koni.design\/sl\/storitve\/razvoj-spletnih-aplikacij\/\",\"name\":\"Razvoj spletnih aplikacij - koni.design\",\"isPartOf\":{\"@id\":\"https:\/\/www.koni.design\/#website\"},\"datePublished\":\"2020-07-02T13:49:12+00:00\",\"dateModified\":\"2025-08-19T11:21:21+00:00\",\"breadcrumb\":{\"@id\":\"https:\/\/www.koni.design\/sl\/storitve\/razvoj-spletnih-aplikacij\/#breadcrumb\"},\"inLanguage\":\"sl-SI\",\"potentialAction\":[{\"@type\":\"ReadAction\",\"target\":[\"https:\/\/www.koni.design\/sl\/storitve\/razvoj-spletnih-aplikacij\/\"]}]},{\"@type\":\"BreadcrumbList\",\"@id\":\"https:\/\/www.koni.design\/sl\/storitve\/razvoj-spletnih-aplikacij\/#breadcrumb\",\"itemListElement\":[{\"@type\":\"ListItem\",\"position\":1,\"name\":\"Po\u010detna stranica\",\"item\":\"https:\/\/www.koni.design\/\"},{\"@type\":\"ListItem\",\"position\":2,\"name\":\"Storitve\",\"item\":\"https:\/\/www.koni.design\/sl\/storitve\/\"},{\"@type\":\"ListItem\",\"position\":3,\"name\":\"Razvoj spletnih aplikacij\"}]},{\"@type\":\"WebSite\",\"@id\":\"https:\/\/www.koni.design\/#website\",\"url\":\"https:\/\/www.koni.design\/\",\"name\":\"Koni.design\",\"description\":\"Izrada web stranica\",\"potentialAction\":[{\"@type\":\"SearchAction\",\"target\":{\"@type\":\"EntryPoint\",\"urlTemplate\":\"https:\/\/www.koni.design\/?s={search_term_string}\"},\"query-input\":{\"@type\":\"PropertyValueSpecification\",\"valueRequired\":true,\"valueName\":\"search_term_string\"}}],\"inLanguage\":\"sl-SI\"}]}<\/script>\n<!-- \/ Yoast SEO plugin. -->","yoast_head_json":{"title":"Razvoj spletnih aplikacij - koni.design","robots":{"index":"index","follow":"follow","max-snippet":"max-snippet:-1","max-image-preview":"max-image-preview:large","max-video-preview":"max-video-preview:-1"},"canonical":"https:\/\/www.koni.design\/sl\/storitve\/razvoj-spletnih-aplikacij\/","og_locale":"sl_SI","og_type":"article","og_title":"Razvoj spletnih aplikacij - koni.design","og_url":"https:\/\/www.koni.design\/sl\/storitve\/razvoj-spletnih-aplikacij\/","og_site_name":"koni.design","article_publisher":"https:\/\/www.facebook.com\/DesignByKoni\/","article_modified_time":"2025-08-19T11:21:21+00:00","twitter_card":"summary_large_image","twitter_misc":{"Est. reading time":"16 minut"},"schema":{"@context":"https:\/\/schema.org","@graph":[{"@type":"WebPage","@id":"https:\/\/www.koni.design\/sl\/storitve\/razvoj-spletnih-aplikacij\/","url":"https:\/\/www.koni.design\/sl\/storitve\/razvoj-spletnih-aplikacij\/","name":"Razvoj spletnih aplikacij - koni.design","isPartOf":{"@id":"https:\/\/www.koni.design\/#website"},"datePublished":"2020-07-02T13:49:12+00:00","dateModified":"2025-08-19T11:21:21+00:00","breadcrumb":{"@id":"https:\/\/www.koni.design\/sl\/storitve\/razvoj-spletnih-aplikacij\/#breadcrumb"},"inLanguage":"sl-SI","potentialAction":[{"@type":"ReadAction","target":["https:\/\/www.koni.design\/sl\/storitve\/razvoj-spletnih-aplikacij\/"]}]},{"@type":"BreadcrumbList","@id":"https:\/\/www.koni.design\/sl\/storitve\/razvoj-spletnih-aplikacij\/#breadcrumb","itemListElement":[{"@type":"ListItem","position":1,"name":"Po\u010detna stranica","item":"https:\/\/www.koni.design\/"},{"@type":"ListItem","position":2,"name":"Storitve","item":"https:\/\/www.koni.design\/sl\/storitve\/"},{"@type":"ListItem","position":3,"name":"Razvoj spletnih aplikacij"}]},{"@type":"WebSite","@id":"https:\/\/www.koni.design\/#website","url":"https:\/\/www.koni.design\/","name":"Koni.design","description":"Izrada web stranica","potentialAction":[{"@type":"SearchAction","target":{"@type":"EntryPoint","urlTemplate":"https:\/\/www.koni.design\/?s={search_term_string}"},"query-input":{"@type":"PropertyValueSpecification","valueRequired":true,"valueName":"search_term_string"}}],"inLanguage":"sl-SI"}]}},"_links":{"self":[{"href":"https:\/\/www.koni.design\/sl\/wp-json\/wp\/v2\/pages\/5024","targetHints":{"allow":["GET"]}}],"collection":[{"href":"https:\/\/www.koni.design\/sl\/wp-json\/wp\/v2\/pages"}],"about":[{"href":"https:\/\/www.koni.design\/sl\/wp-json\/wp\/v2\/types\/page"}],"author":[{"embeddable":true,"href":"https:\/\/www.koni.design\/sl\/wp-json\/wp\/v2\/users\/1"}],"replies":[{"embeddable":true,"href":"https:\/\/www.koni.design\/sl\/wp-json\/wp\/v2\/comments?post=5024"}],"version-history":[{"count":2,"href":"https:\/\/www.koni.design\/sl\/wp-json\/wp\/v2\/pages\/5024\/revisions"}],"predecessor-version":[{"id":5026,"href":"https:\/\/www.koni.design\/sl\/wp-json\/wp\/v2\/pages\/5024\/revisions\/5026"}],"up":[{"embeddable":true,"href":"https:\/\/www.koni.design\/sl\/wp-json\/wp\/v2\/pages\/5091"}],"wp:attachment":[{"href":"https:\/\/www.koni.design\/sl\/wp-json\/wp\/v2\/media?parent=5024"}],"curies":[{"name":"wp","href":"https:\/\/api.w.org\/{rel}","templated":true}]}}