{"id":5012,"date":"2020-07-02T13:49:44","date_gmt":"2020-07-02T13:49:44","guid":{"rendered":"https:\/\/www.koni.design\/impression-3d-et-modelisation\/"},"modified":"2025-08-19T11:22:00","modified_gmt":"2025-08-19T11:22:00","slug":"impression-3d-et-modelisation","status":"publish","type":"page","link":"https:\/\/www.koni.design\/fr\/services\/impression-3d-et-modelisation\/","title":{"rendered":"Impression 3D et mod\u00e9lisation"},"content":{"rendered":"<p><div class=\"fusion-fullwidth fullwidth-box fusion-builder-row-1 fusion-flex-container fusion-parallax-none nonhundred-percent-fullwidth non-hundred-percent-height-scrolling\" style=\"--awb-border-radius-top-left:0px;--awb-border-radius-top-right:0px;--awb-border-radius-bottom-right:0px;--awb-border-radius-bottom-left:0px;--awb-margin-bottom:5%;--awb-background-image:url(&quot;https:\/\/www.koni.design\/wp-content\/uploads\/2020\/08\/black-background-mak-creates-web-design-services-1500-2500.jpg&quot;);--awb-background-size:cover;--awb-flex-wrap:wrap;\" ><div class=\"fusion-builder-row fusion-row fusion-flex-align-items-flex-start fusion-flex-content-wrap\" style=\"max-width:1216.8px;margin-left: calc(-4% \/ 2 );margin-right: calc(-4% \/ 2 );\"><div class=\"fusion-layout-column fusion_builder_column fusion-builder-column-0 fusion_builder_column_1_1 1_1 fusion-flex-column\" style=\"--awb-padding-top:5%;--awb-padding-bottom:5%;--awb-bg-size:cover;--awb-width-large:100%;--awb-margin-top-large:0px;--awb-spacing-right-large:1.92%;--awb-margin-bottom-large:20px;--awb-spacing-left-large:1.92%;--awb-width-medium:100%;--awb-order-medium:0;--awb-spacing-right-medium:1.92%;--awb-spacing-left-medium:1.92%;--awb-width-small:100%;--awb-order-small:0;--awb-spacing-right-small:1.92%;--awb-spacing-left-small:1.92%;\"><div class=\"fusion-column-wrapper fusion-column-has-shadow fusion-flex-justify-content-flex-start fusion-content-layout-column\"><div class=\"fusion-title title fusion-title-1 fusion-title-center fusion-title-text fusion-title-size-one\" style=\"--awb-text-color:#ffffff;--awb-font-size:34px;\"><div class=\"title-sep-container title-sep-container-left\"><div class=\"title-sep sep- sep-solid\" style=\"border-color:#e2e2e2;\"><\/div><\/div><span class=\"awb-title-spacer\"><\/span><h1 class=\"fusion-title-heading title-heading-center fusion-responsive-typography-calculated\" style=\"margin:0;font-size:1em;--fontSize:34;line-height:1.14;\">Impression 3D et mod\u00e9lisation<\/h1><span class=\"awb-title-spacer\"><\/span><div class=\"title-sep-container title-sep-container-right\"><div class=\"title-sep sep- sep-solid\" style=\"border-color:#e2e2e2;\"><\/div><\/div><\/div><div class=\"fusion-text fusion-text-1\" style=\"--awb-text-color:#ffffff;\"><h4 style=\"text-align: center\"><span style=\"color: #ffffff\">Koni.design a des ann\u00e9es d&rsquo;exp\u00e9rience dans la cr\u00e9ation de mod\u00e8les 3D et de prototypes pour diff\u00e9rents types de produits ; des produits \u00e9lectroniques high-tech, jeux de soci\u00e9t\u00e9, produits de l&rsquo;industrie dentaire, produits pour l&rsquo;h\u00f4tellerie, luminaires, d\u00e9corations, publicit\u00e9s, accessoires pour le cin\u00e9ma et le th\u00e9\u00e2tre et bien d&rsquo;autres.<br \/>\nNous offrons \u00e0 nos clients des solutions \u00ab \u00ab cl\u00e9s en main \u00bb \u00bb o\u00f9 nous vous guidons avec notre exp\u00e9rience \u00e0 travers tout le processus de cr\u00e9ation de mod\u00e8les. Nous vous conseillons sur la meilleure fa\u00e7on d&rsquo;atteindre votre objectif et comment continuer apr\u00e8s avoir termin\u00e9 la phase de cr\u00e9ation de prototype.<\/span><\/h4>\n<\/div><\/div><\/div><\/div><\/div><div class=\"fusion-fullwidth fullwidth-box fusion-builder-row-2 fusion-flex-container nonhundred-percent-fullwidth non-hundred-percent-height-scrolling\" style=\"--awb-border-radius-top-left:0px;--awb-border-radius-top-right:0px;--awb-border-radius-bottom-right:0px;--awb-border-radius-bottom-left:0px;--awb-margin-bottom:50px;--awb-flex-wrap:wrap;\" ><div class=\"fusion-builder-row fusion-row fusion-flex-align-items-flex-start fusion-flex-content-wrap\" style=\"max-width:1216.8px;margin-left: calc(-4% \/ 2 );margin-right: calc(-4% \/ 2 );\"><div class=\"fusion-layout-column fusion_builder_column fusion-builder-column-1 fusion_builder_column_1_1 1_1 fusion-flex-column\" style=\"--awb-bg-size:cover;--awb-width-large:100%;--awb-margin-top-large:0px;--awb-spacing-right-large:1.92%;--awb-margin-bottom-large:20px;--awb-spacing-left-large:1.92%;--awb-width-medium:100%;--awb-order-medium:0;--awb-spacing-right-medium:1.92%;--awb-spacing-left-medium:1.92%;--awb-width-small:100%;--awb-order-small:0;--awb-spacing-right-small:1.92%;--awb-spacing-left-small:1.92%;\"><div class=\"fusion-column-wrapper fusion-column-has-shadow fusion-flex-justify-content-flex-start fusion-content-layout-column\"><div class=\"fusion-title title fusion-title-2 fusion-title-center fusion-title-text fusion-title-size-three\"><div class=\"title-sep-container title-sep-container-left\"><div class=\"title-sep sep- sep-solid\" style=\"border-color:#e2e2e2;\"><\/div><\/div><span class=\"awb-title-spacer\"><\/span><h3 class=\"fusion-title-heading title-heading-center fusion-responsive-typography-calculated\" style=\"margin:0;--fontSize:28;line-height:1.6;\">Contactez-nous et demandez un devis pour la mod\u00e9lisation et l&rsquo;impression<\/h3><span class=\"awb-title-spacer\"><\/span><div class=\"title-sep-container title-sep-container-right\"><div class=\"title-sep sep- sep-solid\" style=\"border-color:#e2e2e2;\"><\/div><\/div><\/div><div style=\"text-align:center;\"><a class=\"fusion-button button-flat fusion-button-default-size button-default fusion-button-default button-1 fusion-button-default-span fusion-button-default-type\" target=\"_self\" href=\"https:\/\/www.koni.design\/fr\/contact\/\"><span class=\"fusion-button-text awb-button__text awb-button__text--default\">Contactez-nous<\/span><\/a><\/div><\/div><\/div><\/div><\/div><\/p>\n","protected":false},"excerpt":{"rendered":"","protected":false},"author":1,"featured_media":0,"parent":5116,"menu_order":0,"comment_status":"closed","ping_status":"closed","template":"100-width.php","meta":{"footnotes":""},"class_list":["post-5012","page","type-page","status-publish","hentry"],"yoast_head":"<!-- This site is optimized with the Yoast SEO plugin v26.1.1 - https:\/\/yoast.com\/wordpress\/plugins\/seo\/ -->\n<title>Impression 3D et mod\u00e9lisation - koni.design<\/title>\n<meta name=\"robots\" content=\"index, follow, max-snippet:-1, max-image-preview:large, max-video-preview:-1\" \/>\n<link rel=\"canonical\" href=\"https:\/\/www.koni.design\/fr\/services\/impression-3d-et-modelisation\/\" \/>\n<meta property=\"og:locale\" content=\"fr_FR\" \/>\n<meta property=\"og:type\" content=\"article\" \/>\n<meta property=\"og:title\" content=\"Impression 3D et mod\u00e9lisation - koni.design\" \/>\n<meta property=\"og:url\" content=\"https:\/\/www.koni.design\/fr\/services\/impression-3d-et-modelisation\/\" \/>\n<meta property=\"og:site_name\" content=\"koni.design\" \/>\n<meta property=\"article:publisher\" content=\"https:\/\/www.facebook.com\/DesignByKoni\/\" \/>\n<meta property=\"article:modified_time\" content=\"2025-08-19T11:22:00+00:00\" \/>\n<meta name=\"twitter:card\" content=\"summary_large_image\" \/>\n<meta name=\"twitter:label1\" content=\"Dur\u00e9e de lecture estim\u00e9e\" \/>\n\t<meta name=\"twitter:data1\" content=\"9 minutes\" \/>\n<script type=\"application\/ld+json\" class=\"yoast-schema-graph\">{\"@context\":\"https:\/\/schema.org\",\"@graph\":[{\"@type\":\"WebPage\",\"@id\":\"https:\/\/www.koni.design\/fr\/services\/impression-3d-et-modelisation\/\",\"url\":\"https:\/\/www.koni.design\/fr\/services\/impression-3d-et-modelisation\/\",\"name\":\"Impression 3D et mod\u00e9lisation - koni.design\",\"isPartOf\":{\"@id\":\"https:\/\/www.koni.design\/#website\"},\"datePublished\":\"2020-07-02T13:49:44+00:00\",\"dateModified\":\"2025-08-19T11:22:00+00:00\",\"breadcrumb\":{\"@id\":\"https:\/\/www.koni.design\/fr\/services\/impression-3d-et-modelisation\/#breadcrumb\"},\"inLanguage\":\"fr-FR\",\"potentialAction\":[{\"@type\":\"ReadAction\",\"target\":[\"https:\/\/www.koni.design\/fr\/services\/impression-3d-et-modelisation\/\"]}]},{\"@type\":\"BreadcrumbList\",\"@id\":\"https:\/\/www.koni.design\/fr\/services\/impression-3d-et-modelisation\/#breadcrumb\",\"itemListElement\":[{\"@type\":\"ListItem\",\"position\":1,\"name\":\"Po\u010detna stranica\",\"item\":\"https:\/\/www.koni.design\/\"},{\"@type\":\"ListItem\",\"position\":2,\"name\":\"Services\",\"item\":\"https:\/\/www.koni.design\/fr\/services\/\"},{\"@type\":\"ListItem\",\"position\":3,\"name\":\"Impression 3D et mod\u00e9lisation\"}]},{\"@type\":\"WebSite\",\"@id\":\"https:\/\/www.koni.design\/#website\",\"url\":\"https:\/\/www.koni.design\/\",\"name\":\"Koni.design\",\"description\":\"Izrada web stranica\",\"potentialAction\":[{\"@type\":\"SearchAction\",\"target\":{\"@type\":\"EntryPoint\",\"urlTemplate\":\"https:\/\/www.koni.design\/?s={search_term_string}\"},\"query-input\":{\"@type\":\"PropertyValueSpecification\",\"valueRequired\":true,\"valueName\":\"search_term_string\"}}],\"inLanguage\":\"fr-FR\"}]}<\/script>\n<!-- \/ Yoast SEO plugin. -->","yoast_head_json":{"title":"Impression 3D et mod\u00e9lisation - koni.design","robots":{"index":"index","follow":"follow","max-snippet":"max-snippet:-1","max-image-preview":"max-image-preview:large","max-video-preview":"max-video-preview:-1"},"canonical":"https:\/\/www.koni.design\/fr\/services\/impression-3d-et-modelisation\/","og_locale":"fr_FR","og_type":"article","og_title":"Impression 3D et mod\u00e9lisation - koni.design","og_url":"https:\/\/www.koni.design\/fr\/services\/impression-3d-et-modelisation\/","og_site_name":"koni.design","article_publisher":"https:\/\/www.facebook.com\/DesignByKoni\/","article_modified_time":"2025-08-19T11:22:00+00:00","twitter_card":"summary_large_image","twitter_misc":{"Dur\u00e9e de lecture estim\u00e9e":"9 minutes"},"schema":{"@context":"https:\/\/schema.org","@graph":[{"@type":"WebPage","@id":"https:\/\/www.koni.design\/fr\/services\/impression-3d-et-modelisation\/","url":"https:\/\/www.koni.design\/fr\/services\/impression-3d-et-modelisation\/","name":"Impression 3D et mod\u00e9lisation - koni.design","isPartOf":{"@id":"https:\/\/www.koni.design\/#website"},"datePublished":"2020-07-02T13:49:44+00:00","dateModified":"2025-08-19T11:22:00+00:00","breadcrumb":{"@id":"https:\/\/www.koni.design\/fr\/services\/impression-3d-et-modelisation\/#breadcrumb"},"inLanguage":"fr-FR","potentialAction":[{"@type":"ReadAction","target":["https:\/\/www.koni.design\/fr\/services\/impression-3d-et-modelisation\/"]}]},{"@type":"BreadcrumbList","@id":"https:\/\/www.koni.design\/fr\/services\/impression-3d-et-modelisation\/#breadcrumb","itemListElement":[{"@type":"ListItem","position":1,"name":"Po\u010detna stranica","item":"https:\/\/www.koni.design\/"},{"@type":"ListItem","position":2,"name":"Services","item":"https:\/\/www.koni.design\/fr\/services\/"},{"@type":"ListItem","position":3,"name":"Impression 3D et mod\u00e9lisation"}]},{"@type":"WebSite","@id":"https:\/\/www.koni.design\/#website","url":"https:\/\/www.koni.design\/","name":"Koni.design","description":"Izrada web stranica","potentialAction":[{"@type":"SearchAction","target":{"@type":"EntryPoint","urlTemplate":"https:\/\/www.koni.design\/?s={search_term_string}"},"query-input":{"@type":"PropertyValueSpecification","valueRequired":true,"valueName":"search_term_string"}}],"inLanguage":"fr-FR"}]}},"_links":{"self":[{"href":"https:\/\/www.koni.design\/fr\/wp-json\/wp\/v2\/pages\/5012","targetHints":{"allow":["GET"]}}],"collection":[{"href":"https:\/\/www.koni.design\/fr\/wp-json\/wp\/v2\/pages"}],"about":[{"href":"https:\/\/www.koni.design\/fr\/wp-json\/wp\/v2\/types\/page"}],"author":[{"embeddable":true,"href":"https:\/\/www.koni.design\/fr\/wp-json\/wp\/v2\/users\/1"}],"replies":[{"embeddable":true,"href":"https:\/\/www.koni.design\/fr\/wp-json\/wp\/v2\/comments?post=5012"}],"version-history":[{"count":3,"href":"https:\/\/www.koni.design\/fr\/wp-json\/wp\/v2\/pages\/5012\/revisions"}],"predecessor-version":[{"id":5121,"href":"https:\/\/www.koni.design\/fr\/wp-json\/wp\/v2\/pages\/5012\/revisions\/5121"}],"up":[{"embeddable":true,"href":"https:\/\/www.koni.design\/fr\/wp-json\/wp\/v2\/pages\/5116"}],"wp:attachment":[{"href":"https:\/\/www.koni.design\/fr\/wp-json\/wp\/v2\/media?parent=5012"}],"curies":[{"name":"wp","href":"https:\/\/api.w.org\/{rel}","templated":true}]}}